{"id":5138,"date":"2025-02-18T20:07:55","date_gmt":"2025-02-18T20:07:55","guid":{"rendered":"https:\/\/cetlitulum.com\/?page_id=5138"},"modified":"2025-08-11T11:00:30","modified_gmt":"2025-08-11T11:00:30","slug":"tienda","status":"publish","type":"page","link":"https:\/\/cetlitulum.com\/es\/tienda\/","title":{"rendered":"Tienda"},"content":{"rendered":"<p>[vc_row css_animation=\u00bb\u00bb row_type=\u00bbrow\u00bb use_row_as_full_screen_section=\u00bbno\u00bb type=\u00bbgrid\u00bb angled_section=\u00bbno\u00bb text_align=\u00bbleft\u00bb background_image_as_pattern=\u00bbwithout_pattern\u00bb z_index=\u00bb\u00bb][vc_column][vc_empty_space height=\u00bb50px\u00bb][vc_column_text]<\/p>\n<h1><strong>Descubre Nuestra <\/strong><\/h1>\n<h1><strong>Tienda de Artesan\u00edas<\/strong><\/h1>\n<p>&nbsp;<\/p>\n<p style=\"text-align: center;\">El Recuerdo Perfecto de M\u00e9xico, te invitamos a explorar nuestra tienda de artesan\u00edas, un espacio dedicado a la belleza y tradici\u00f3n de los pueblos originarios de M\u00e9xico. Aqu\u00ed encontrar\u00e1s una cuidada selecci\u00f3n de piezas aut\u00e9nticas, creadas a mano por talentosos artesanos que mantienen vivas las t\u00e9cnicas ancestrales de sus comunidades.<\/p>\n<p>&nbsp;<\/p>\n<p style=\"text-align: center;\">Artesan\u00edas con Historia y Tradici\u00f3n Cada art\u00edculo en nuestra tienda es mucho m\u00e1s que un souvenir: es una obra de arte que representa la identidad y cultura de M\u00e9xico, y refleja el gran talento de los maestros artesanos.<\/p>\n<p style=\"text-align: center;\">Desde textiles bordados a mano, cer\u00e1mica pintada con detalle, hasta piezas de madera, alebrijes coloridos, cada creaci\u00f3n lleva consigo el alma y la dedicaci\u00f3n de sus creadores.<\/p>\n<p>&nbsp;<\/p>\n<p style=\"text-align: center;\">Date un tiempo para descubrir nuestra oferta y encontrar el recuerdo perfecto.<\/p>\n<p>[\/vc_column_text][vc_empty_space][\/vc_column][\/vc_row][vc_row css_animation=\u00bb\u00bb row_type=\u00bbrow\u00bb use_row_as_full_screen_section=\u00bbno\u00bb type=\u00bbgrid\u00bb angled_section=\u00bbno\u00bb text_align=\u00bbleft\u00bb background_image_as_pattern=\u00bbwithout_pattern\u00bb z_index=\u00bb\u00bb][vc_column]<div class=\"qode-advanced-image-gallery  qode-aig-grid-type qode-large-space  qode-image-behavior-lightbox \">\n\t<div class=\"qode-aig-inner qode-outer-space qode-aig-grid qode-aig-four-columns\">\n\t\t\t\t\t<div class=\"qode-aig-image qode-item-space\">\n\t\t\t\t<div class=\"qode-aig-image-inner\">\n\t\t\t\t\t\t\t\t\t\t\t<a itemprop=\"image\" class=\"qode-aig-lightbox\" href=\"https:\/\/cetlitulum.com\/wp-content\/uploads\/2025\/02\/YIN7651-scaled.jpg\" data-rel=\"prettyPhoto[image_gallery_pretty_photo-37]\" title=\"_YIN7651\">\n\t\t\t\t\t\t\t\t\t\t\t<img fetchpriority=\"high\" decoding=\"async\" src=\"https:\/\/cetlitulum.com\/wp-content\/uploads\/2025\/02\/YIN7651-scaled-600x360.jpg\" alt=\"\" width=\"600\" height=\"360\" \/>\t\t\t\t\t\t<span class=\"aig-gallery-hover\">\n\t\t\t\t\t\t\t\t\t\t\t\t\t<\/span>\n\t\t\t\t\t\t\t\t\t\t\t<\/a>\n\t\t\t\t\t\t\t\t\t<\/div>\n\t\t\t<\/div>\n\t\t\t\t\t<div class=\"qode-aig-image qode-item-space\">\n\t\t\t\t<div class=\"qode-aig-image-inner\">\n\t\t\t\t\t\t\t\t\t\t\t<a itemprop=\"image\" class=\"qode-aig-lightbox\" href=\"https:\/\/cetlitulum.com\/wp-content\/uploads\/2025\/02\/YIN8052-scaled.jpg\" data-rel=\"prettyPhoto[image_gallery_pretty_photo-37]\" title=\"_YIN8052\">\n\t\t\t\t\t\t\t\t\t\t\t<img decoding=\"async\" src=\"https:\/\/cetlitulum.com\/wp-content\/uploads\/2025\/02\/YIN8052-scaled-600x360.jpg\" alt=\"\" width=\"600\" height=\"360\" \/>\t\t\t\t\t\t<span class=\"aig-gallery-hover\">\n\t\t\t\t\t\t\t\t\t\t\t\t\t<\/span>\n\t\t\t\t\t\t\t\t\t\t\t<\/a>\n\t\t\t\t\t\t\t\t\t<\/div>\n\t\t\t<\/div>\n\t\t\t\t\t<div class=\"qode-aig-image qode-item-space\">\n\t\t\t\t<div class=\"qode-aig-image-inner\">\n\t\t\t\t\t\t\t\t\t\t\t<a itemprop=\"image\" class=\"qode-aig-lightbox\" href=\"https:\/\/cetlitulum.com\/wp-content\/uploads\/2025\/02\/YIN8035-scaled.jpg\" data-rel=\"prettyPhoto[image_gallery_pretty_photo-37]\" title=\"_YIN8035\">\n\t\t\t\t\t\t\t\t\t\t\t<img decoding=\"async\" src=\"https:\/\/cetlitulum.com\/wp-content\/uploads\/2025\/02\/YIN8035-scaled-600x360.jpg\" alt=\"foto de tienda de artesanias\" width=\"600\" height=\"360\" \/>\t\t\t\t\t\t<span class=\"aig-gallery-hover\">\n\t\t\t\t\t\t\t\t\t\t\t\t\t<\/span>\n\t\t\t\t\t\t\t\t\t\t\t<\/a>\n\t\t\t\t\t\t\t\t\t<\/div>\n\t\t\t<\/div>\n\t\t\t\t\t<div class=\"qode-aig-image qode-item-space\">\n\t\t\t\t<div class=\"qode-aig-image-inner\">\n\t\t\t\t\t\t\t\t\t\t\t<a itemprop=\"image\" class=\"qode-aig-lightbox\" href=\"https:\/\/cetlitulum.com\/wp-content\/uploads\/2025\/02\/YIN8098-scaled.jpg\" data-rel=\"prettyPhoto[image_gallery_pretty_photo-37]\" title=\"_YIN8098\">\n\t\t\t\t\t\t\t\t\t\t\t<img loading=\"lazy\" decoding=\"async\" src=\"https:\/\/cetlitulum.com\/wp-content\/uploads\/2025\/02\/YIN8098-scaled-600x360.jpg\" alt=\"foto restaurante cetli moles\" width=\"600\" height=\"360\" \/>\t\t\t\t\t\t<span class=\"aig-gallery-hover\">\n\t\t\t\t\t\t\t\t\t\t\t\t\t<\/span>\n\t\t\t\t\t\t\t\t\t\t\t<\/a>\n\t\t\t\t\t\t\t\t\t<\/div>\n\t\t\t<\/div>\n\t\t\t\t\t<div class=\"qode-aig-image qode-item-space\">\n\t\t\t\t<div class=\"qode-aig-image-inner\">\n\t\t\t\t\t\t\t\t\t\t\t<a itemprop=\"image\" class=\"qode-aig-lightbox\" href=\"https:\/\/cetlitulum.com\/wp-content\/uploads\/2025\/02\/466781327_10160064070106373_3992303959393180268_n.jpg\" data-rel=\"prettyPhoto[image_gallery_pretty_photo-37]\" title=\"466781327_10160064070106373_3992303959393180268_n\">\n\t\t\t\t\t\t\t\t\t\t\t<img loading=\"lazy\" decoding=\"async\" src=\"https:\/\/cetlitulum.com\/wp-content\/uploads\/2025\/02\/466781327_10160064070106373_3992303959393180268_n-600x360.jpg\" alt=\"foto de decoracion de restaurante cetli\" width=\"600\" height=\"360\" \/>\t\t\t\t\t\t<span class=\"aig-gallery-hover\">\n\t\t\t\t\t\t\t\t\t\t\t\t\t<\/span>\n\t\t\t\t\t\t\t\t\t\t\t<\/a>\n\t\t\t\t\t\t\t\t\t<\/div>\n\t\t\t<\/div>\n\t\t\t\t\t<div class=\"qode-aig-image qode-item-space\">\n\t\t\t\t<div class=\"qode-aig-image-inner\">\n\t\t\t\t\t\t\t\t\t\t\t<a itemprop=\"image\" class=\"qode-aig-lightbox\" href=\"https:\/\/cetlitulum.com\/wp-content\/uploads\/2025\/02\/IMG_3475-scaled.jpg\" data-rel=\"prettyPhoto[image_gallery_pretty_photo-37]\" title=\"IMG_3475\">\n\t\t\t\t\t\t\t\t\t\t\t<img loading=\"lazy\" decoding=\"async\" src=\"https:\/\/cetlitulum.com\/wp-content\/uploads\/2025\/02\/IMG_3475-scaled-600x360.jpg\" alt=\"decoracion cetli\" width=\"600\" height=\"360\" \/>\t\t\t\t\t\t<span class=\"aig-gallery-hover\">\n\t\t\t\t\t\t\t\t\t\t\t\t\t<\/span>\n\t\t\t\t\t\t\t\t\t\t\t<\/a>\n\t\t\t\t\t\t\t\t\t<\/div>\n\t\t\t<\/div>\n\t\t\t\t\t<div class=\"qode-aig-image qode-item-space\">\n\t\t\t\t<div class=\"qode-aig-image-inner\">\n\t\t\t\t\t\t\t\t\t\t\t<a itemprop=\"image\" class=\"qode-aig-lightbox\" href=\"https:\/\/cetlitulum.com\/wp-content\/uploads\/2025\/02\/IMG_3474-scaled.jpg\" data-rel=\"prettyPhoto[image_gallery_pretty_photo-37]\" title=\"IMG_3474\">\n\t\t\t\t\t\t\t\t\t\t\t<img loading=\"lazy\" decoding=\"async\" src=\"https:\/\/cetlitulum.com\/wp-content\/uploads\/2025\/02\/IMG_3474-scaled-600x360.jpg\" alt=\"angel decoracion de restaurante cetli\" width=\"600\" height=\"360\" \/>\t\t\t\t\t\t<span class=\"aig-gallery-hover\">\n\t\t\t\t\t\t\t\t\t\t\t\t\t<\/span>\n\t\t\t\t\t\t\t\t\t\t\t<\/a>\n\t\t\t\t\t\t\t\t\t<\/div>\n\t\t\t<\/div>\n\t\t\t\t\t<div class=\"qode-aig-image qode-item-space\">\n\t\t\t\t<div class=\"qode-aig-image-inner\">\n\t\t\t\t\t\t\t\t\t\t\t<a itemprop=\"image\" class=\"qode-aig-lightbox\" href=\"https:\/\/cetlitulum.com\/wp-content\/uploads\/2025\/02\/IMG_3463-scaled.jpg\" data-rel=\"prettyPhoto[image_gallery_pretty_photo-37]\" title=\"IMG_3463\">\n\t\t\t\t\t\t\t\t\t\t\t<img loading=\"lazy\" decoding=\"async\" src=\"https:\/\/cetlitulum.com\/wp-content\/uploads\/2025\/02\/IMG_3463-scaled-600x360.jpg\" alt=\"altar decoracion restaurante cetli\" width=\"600\" height=\"360\" \/>\t\t\t\t\t\t<span class=\"aig-gallery-hover\">\n\t\t\t\t\t\t\t\t\t\t\t\t\t<\/span>\n\t\t\t\t\t\t\t\t\t\t\t<\/a>\n\t\t\t\t\t\t\t\t\t<\/div>\n\t\t\t<\/div>\n\t\t\t<\/div>\n<\/div>[\/vc_column][\/vc_row]<\/p>\n","protected":false},"excerpt":{"rendered":"<p>[vc_row css_animation=\u00bb\u00bb row_type=\u00bbrow\u00bb use_row_as_full_screen_section=\u00bbno\u00bb type=\u00bbgrid\u00bb angled_section=\u00bbno\u00bb text_align=\u00bbleft\u00bb background_image_as_pattern=\u00bbwithout_pattern\u00bb z_index=\u00bb\u00bb][vc_column][vc_empty_space height=\u00bb50px\u00bb][vc_column_text] Descubre Nuestra Tienda de Artesan\u00edas &nbsp; El Recuerdo Perfecto de M\u00e9xico, te invitamos a explorar nuestra tienda de artesan\u00edas, un espacio dedicado a la belleza y tradici\u00f3n de los pueblos originarios de M\u00e9xico. Aqu\u00ed encontrar\u00e1s una cuidada selecci\u00f3n de piezas aut\u00e9nticas, creadas a mano por talentosos artesanos que mantienen vivas las t\u00e9cnicas ancestrales de sus&#8230;<\/p>\n","protected":false},"author":1,"featured_media":0,"parent":0,"menu_order":0,"comment_status":"closed","ping_status":"closed","template":"full_width.php","meta":{"inline_featured_image":false,"footnotes":""},"class_list":["post-5138","page","type-page","status-publish","hentry"],"_links":{"self":[{"href":"https:\/\/cetlitulum.com\/es\/wp-json\/wp\/v2\/pages\/5138","targetHints":{"allow":["GET"]}}],"collection":[{"href":"https:\/\/cetlitulum.com\/es\/wp-json\/wp\/v2\/pages"}],"about":[{"href":"https:\/\/cetlitulum.com\/es\/wp-json\/wp\/v2\/types\/page"}],"author":[{"embeddable":true,"href":"https:\/\/cetlitulum.com\/es\/wp-json\/wp\/v2\/users\/1"}],"replies":[{"embeddable":true,"href":"https:\/\/cetlitulum.com\/es\/wp-json\/wp\/v2\/comments?post=5138"}],"version-history":[{"count":30,"href":"https:\/\/cetlitulum.com\/es\/wp-json\/wp\/v2\/pages\/5138\/revisions"}],"predecessor-version":[{"id":5845,"href":"https:\/\/cetlitulum.com\/es\/wp-json\/wp\/v2\/pages\/5138\/revisions\/5845"}],"wp:attachment":[{"href":"https:\/\/cetlitulum.com\/es\/wp-json\/wp\/v2\/media?parent=5138"}],"curies":[{"name":"wp","href":"https:\/\/api.w.org\/{rel}","templated":true}]}}