{"id":5035,"date":"2025-02-17T09:57:12","date_gmt":"2025-02-17T09:57:12","guid":{"rendered":"https:\/\/cetlitulum.com\/?page_id=5035"},"modified":"2025-04-26T05:57:48","modified_gmt":"2025-04-26T05:57:48","slug":"acerca","status":"publish","type":"page","link":"https:\/\/cetlitulum.com\/es\/acerca\/","title":{"rendered":"Nosotros"},"content":{"rendered":"<p>[vc_row css_animation=\u00bb\u00bb row_type=\u00bbrow\u00bb use_row_as_full_screen_section=\u00bbno\u00bb type=\u00bbgrid\u00bb angled_section=\u00bbno\u00bb text_align=\u00bbleft\u00bb background_image_as_pattern=\u00bbwithout_pattern\u00bb z_index=\u00bb\u00bb][vc_column][vc_column_text]\t\t<div data-elementor-type=\"wp-post\" data-elementor-id=\"5597\" class=\"elementor elementor-5597\">\n\t\t\t\t<div class=\"elementor-element elementor-element-59cf4cf e-flex e-con-boxed e-con e-parent\" data-id=\"59cf4cf\" data-element_type=\"container\">\n\t\t\t\t\t<div class=\"e-con-inner\">\n\t\t<div class=\"elementor-element elementor-element-bc9be3c e-con-full e-flex e-con e-child\" data-id=\"bc9be3c\" data-element_type=\"container\">\n\t\t<div class=\"elementor-element elementor-element-8ee4b69 e-con-full e-flex e-con e-child\" data-id=\"8ee4b69\" data-element_type=\"container\">\n\t\t\t\t<div class=\"elementor-element elementor-element-261c142 elementor-widget__width-initial elementor-widget elementor-widget-bridge_image_with_text\" data-id=\"261c142\" data-element_type=\"widget\" data-widget_type=\"bridge_image_with_text.default\">\n\t\t\t\t<div class=\"elementor-widget-container\">\n\t\t\t\t\t<div class=\"image_with_text\"><img decoding=\"async\" itemprop=\"image\" src=\"https:\/\/cetlitulum.com\/wp-content\/uploads\/2025\/02\/LOGO-MICHELIN.png\" alt=\"\" \/><h3 ><\/h3><span style=\"margin: 6px 0px;\" class=\"separator transparent\"><\/span><\/div>\t\t\t\t<\/div>\n\t\t\t\t<\/div>\n\t\t\t\t<\/div>\n\t\t<div class=\"elementor-element elementor-element-c76902d e-con-full e-flex e-con e-child\" data-id=\"c76902d\" data-element_type=\"container\">\n\t\t\t\t<div class=\"elementor-element elementor-element-5d79f57 elementor-widget elementor-widget-bridge_custom_font\" data-id=\"5d79f57\" data-element_type=\"widget\" data-widget_type=\"bridge_custom_font.default\">\n\t\t\t\t<div class=\"elementor-widget-container\">\n\t\t\t\t\t<div class=\"custom_font_holder\" style=\"font-family: Josefin Sans; font-size: 19px; line-height: 28px; font-style: normal; font-weight: 400; color: #C9AB81; text-decoration: none; padding: 0; margin: 0; text-align: left;\">Restaurante<\/div>\t\t\t\t<\/div>\n\t\t\t\t<\/div>\n\t\t\t\t<div class=\"elementor-element elementor-element-1d9b0d0 elementor-widget elementor-widget-heading\" data-id=\"1d9b0d0\" data-element_type=\"widget\" data-widget_type=\"heading.default\">\n\t\t\t\t<div class=\"elementor-widget-container\">\n\t\t\t\t\t<h1 class=\"elementor-heading-title elementor-size-default\">NOSOTROS<\/h1>\t\t\t\t<\/div>\n\t\t\t\t<\/div>\n\t\t\t\t<div class=\"elementor-element elementor-element-e9dd5d5 elementor-widget__width-initial elementor-widget elementor-widget-text-editor\" data-id=\"e9dd5d5\" data-element_type=\"widget\" data-widget_type=\"text-editor.default\">\n\t\t\t\t<div class=\"elementor-widget-container\">\n\t\t\t\t\t\t\t\t\t<p>Los Sabores de M\u00e9xico en Cada Platillo<br \/>En Cetli, la esencia de la gastronom\u00eda mexicana cobra vida a trav\u00e9s de una exquisita selecci\u00f3n de moles artesanales, elaborados con recetas originales que han sido cuidadosamente perfeccionadas. Nuestra carta es una celebraci\u00f3n de la riqueza culinaria del pa\u00eds, combinando t\u00e9cnicas ancestrales con un toque distintivo de nuestra cocina.<\/p><p>\u00a0<\/p>\t\t\t\t\t\t\t\t<\/div>\n\t\t\t\t<\/div>\n\t\t\t\t<div class=\"elementor-element elementor-element-f00c620 elementor-widget-tablet__width-initial elementor-widget elementor-widget-text-editor\" data-id=\"f00c620\" data-element_type=\"widget\" data-widget_type=\"text-editor.default\">\n\t\t\t\t<div class=\"elementor-widget-container\">\n\t\t\t\t\t\t\t\t\t<p>Te invitamos a descubrir la magia de Cetli y deleitarte con una cocina que honra el pasado, vive el presente y sigue innovando para el futuro. \u00a1Reserva tu mesa y prep\u00e1rate para una experiencia inolvidable!<\/p><p>Aceptamos mascotas<br \/><br \/><i class=\"fa fa-paw\" aria-hidden=\"true\"><\/i><\/p>\t\t\t\t\t\t\t\t<\/div>\n\t\t\t\t<\/div>\n\t\t\t\t<\/div>\n\t\t<div class=\"elementor-element elementor-element-bfbad14 e-con-full e-flex e-con e-child\" data-id=\"bfbad14\" data-element_type=\"container\">\n\t\t\t\t<div class=\"elementor-element elementor-element-58e3082 elementor-widget elementor-widget-bridge_image_with_text\" data-id=\"58e3082\" data-element_type=\"widget\" data-widget_type=\"bridge_image_with_text.default\">\n\t\t\t\t<div class=\"elementor-widget-container\">\n\t\t\t\t\t<div class=\"image_with_text\"><img decoding=\"async\" itemprop=\"image\" src=\"https:\/\/cetlitulum.com\/wp-content\/uploads\/2025\/02\/YIN8098-scaled.jpg\" alt=\"\" \/><h3 ><\/h3><span style=\"margin: 6px 0px;\" class=\"separator transparent\"><\/span><\/div>\t\t\t\t<\/div>\n\t\t\t\t<\/div>\n\t\t\t\t<\/div>\n\t\t\t\t<\/div>\n\t\t\t\t\t<\/div>\n\t\t\t\t<\/div>\n\t\t<div class=\"elementor-element elementor-element-ff73602 e-flex e-con-boxed e-con e-parent\" data-id=\"ff73602\" data-element_type=\"container\">\n\t\t\t\t\t<div class=\"e-con-inner\">\n\t\t<div class=\"elementor-element elementor-element-8ca1d9c e-con-full e-flex e-con e-child\" data-id=\"8ca1d9c\" data-element_type=\"container\">\n\t\t<div class=\"elementor-element elementor-element-7ce6418 e-con-full e-flex e-con e-child\" data-id=\"7ce6418\" data-element_type=\"container\" data-settings=\"{&quot;background_background&quot;:&quot;classic&quot;}\">\n\t\t\t\t<div class=\"elementor-element elementor-element-eadcc71 elementor-widget__width-initial elementor-widget elementor-widget-bridge_testimonials_carousel\" data-id=\"eadcc71\" data-element_type=\"widget\" data-widget_type=\"bridge_testimonials_carousel.default\">\n\t\t\t\t<div class=\"elementor-widget-container\">\n\t\t\t\t\t<div class='testimonials_c_holder clearfix '><div class=\"testimonials_c testimonials_c_carousel\" data-show-navigation=\"yes\" data-animation-speed=\"600\" data-auto-rotate-slides=\"10\" data-number-per-slide=\"1\"><ul class=\"slides\"><li id=\"testimonials-c-3047\" class=\"testimonial_content\"><div class=\"testimonial_content_inner\"><div class=\"testimonial_text_holder\"><div class=\"testimonial_text_inner\" style=\"\"><p>Conoc\u00ed Cetli hace 12 a\u00f1os y fue como descubrir el M\u00e9xico profundo a trav\u00e9s de sus sabores y tradiciones. Es un lugar donde se honra la cocina ancestral y te hacen sentir como en casa.\r\nMi favorito: chile en nogada.\r\n100% recomendable.<\/p><p class=\"testimonial_author\" style=\"\">Thamara Herrera<\/p><\/div><\/div><\/div><\/li><li id=\"testimonials-c-3048\" class=\"testimonial_content\"><div class=\"testimonial_content_inner\"><div class=\"testimonial_text_holder\"><div class=\"testimonial_text_inner\" style=\"\"><p>Ir a Cetli te traslada a las ra\u00edces mexicanas, la combinaci\u00f3n de la decoraci\u00f3n, el ambiente, los olores, sabores y su atenci\u00f3n al detalle, sorprenden a tu paladar!<\/p><p class=\"testimonial_author\" style=\"\">Nayeli Aparicio<\/p><\/div><\/div><\/div><\/li><li id=\"testimonials-c-4334\" class=\"testimonial_content\"><div class=\"testimonial_content_inner\"><div class=\"testimonial_text_holder\"><div class=\"testimonial_text_inner\" style=\"\"><p>Bueno, a m\u00ed me encanta el chile en nogada, que es la especialidad, y es incre\u00edble que lo tengan todo el a\u00f1o; sin embargo, otros platillos que prob\u00e9 tambi\u00e9n son una delicia para el paladar.<\/p><p class=\"testimonial_author\" style=\"\">Alma Esparza<\/p><\/div><\/div><\/div><\/li><\/ul><\/div><\/div>\t\t\t\t<\/div>\n\t\t\t\t<\/div>\n\t\t\t\t<\/div>\n\t\t\t\t<\/div>\n\t\t\t\t\t<\/div>\n\t\t\t\t<\/div>\n\t\t\t\t<\/div>\n\t\t[\/vc_column_text][\/vc_column][\/vc_row][vc_row css_animation=\u00bb\u00bb row_type=\u00bbrow\u00bb use_row_as_full_screen_section=\u00bbno\u00bb type=\u00bbgrid\u00bb angled_section=\u00bbno\u00bb text_align=\u00bbleft\u00bb background_image_as_pattern=\u00bbwithout_pattern\u00bb z_index=\u00bb\u00bb][vc_column][vc_column_text]<iframe src=\"https:\/\/my.matterport.com\/show\/?m=kJY6XWuiK7k\" width=\"100%\" height=\"480\" frameborder=\"0\" allowfullscreen=\"allowfullscreen\"><\/iframe>[\/vc_column_text][vc_empty_space height=\u00bb50px\u00bb][\/vc_column][\/vc_row]<\/p>\n","protected":false},"excerpt":{"rendered":"<p>[vc_row css_animation=\u00bb\u00bb row_type=\u00bbrow\u00bb use_row_as_full_screen_section=\u00bbno\u00bb type=\u00bbgrid\u00bb angled_section=\u00bbno\u00bb text_align=\u00bbleft\u00bb background_image_as_pattern=\u00bbwithout_pattern\u00bb z_index=\u00bb\u00bb][vc_column][vc_column_text][\/vc_column_text][\/vc_column][\/vc_row][vc_row css_animation=\u00bb\u00bb row_type=\u00bbrow\u00bb use_row_as_full_screen_section=\u00bbno\u00bb type=\u00bbgrid\u00bb angled_section=\u00bbno\u00bb text_align=\u00bbleft\u00bb background_image_as_pattern=\u00bbwithout_pattern\u00bb z_index=\u00bb\u00bb][vc_column][vc_column_text][\/vc_column_text][vc_empty_space height=\u00bb50px\u00bb][\/vc_column][\/vc_row]<\/p>\n","protected":false},"author":1,"featured_media":0,"parent":0,"menu_order":0,"comment_status":"closed","ping_status":"closed","template":"full_width.php","meta":{"inline_featured_image":false,"footnotes":""},"class_list":["post-5035","page","type-page","status-publish","hentry"],"_links":{"self":[{"href":"https:\/\/cetlitulum.com\/es\/wp-json\/wp\/v2\/pages\/5035","targetHints":{"allow":["GET"]}}],"collection":[{"href":"https:\/\/cetlitulum.com\/es\/wp-json\/wp\/v2\/pages"}],"about":[{"href":"https:\/\/cetlitulum.com\/es\/wp-json\/wp\/v2\/types\/page"}],"author":[{"embeddable":true,"href":"https:\/\/cetlitulum.com\/es\/wp-json\/wp\/v2\/users\/1"}],"replies":[{"embeddable":true,"href":"https:\/\/cetlitulum.com\/es\/wp-json\/wp\/v2\/comments?post=5035"}],"version-history":[{"count":9,"href":"https:\/\/cetlitulum.com\/es\/wp-json\/wp\/v2\/pages\/5035\/revisions"}],"predecessor-version":[{"id":5706,"href":"https:\/\/cetlitulum.com\/es\/wp-json\/wp\/v2\/pages\/5035\/revisions\/5706"}],"wp:attachment":[{"href":"https:\/\/cetlitulum.com\/es\/wp-json\/wp\/v2\/media?parent=5035"}],"curies":[{"name":"wp","href":"https:\/\/api.w.org\/{rel}","templated":true}]}}